{"id":12,"date":"2015-06-16T14:48:39","date_gmt":"2015-06-16T14:48:39","guid":{"rendered":"http:\/\/boaideia.pt\/mf\/?page_id=12"},"modified":"2015-06-18T15:21:21","modified_gmt":"2015-06-18T14:21:21","slug":"loja","status":"publish","type":"page","link":"https:\/\/moveis-fernandes.com\/index.php\/loja\/","title":{"rendered":"Loja"},"content":{"rendered":"<div align=\"center\">\n<div id='gallery-1' class='gallery galleryid-12 gallery-columns-3 gallery-size-thumbnail'><figure class='gallery-item'>\n\t\t\t<div class='gallery-icon landscape'>\n\t\t\t\t<a href='https:\/\/moveis-fernandes.com\/wp-content\/uploads\/2015\/06\/DSC04152-e1434637269345.jpg'><img loading=\"lazy\" decoding=\"async\" width=\"150\" height=\"150\" src=\"data:image\/svg+xml;charset=utf-8,&lt;svg xmlns%3D&#039;http%3A%2F%2Fwww.w3.org%2F2000%2Fsvg&#039; viewBox%3D&#039;0 0 150 150&#039;%2F&gt;\" class=\"attachment-thumbnail size-thumbnail ld-lazyload\" alt=\"\" data-src=\"https:\/\/moveis-fernandes.com\/wp-content\/uploads\/2015\/06\/DSC04152-e1434637269345-150x150.jpg\" data-aspect=\"1\" srcset=\"\" \/><\/a>\n\t\t\t<\/div><\/figure><figure class='gallery-item'>\n\t\t\t<div class='gallery-icon portrait'>\n\t\t\t\t<a href='https:\/\/moveis-fernandes.com\/wp-content\/uploads\/2015\/06\/carrinhas.jpg'><img loading=\"lazy\" decoding=\"async\" width=\"150\" height=\"150\" src=\"data:image\/svg+xml;charset=utf-8,&lt;svg xmlns%3D&#039;http%3A%2F%2Fwww.w3.org%2F2000%2Fsvg&#039; viewBox%3D&#039;0 0 150 150&#039;%2F&gt;\" class=\"attachment-thumbnail size-thumbnail ld-lazyload\" alt=\"\" data-src=\"https:\/\/moveis-fernandes.com\/wp-content\/uploads\/2015\/06\/carrinhas-150x150.jpg\" data-aspect=\"1\" srcset=\"\" \/><\/a>\n\t\t\t<\/div><\/figure><figure class='gallery-item'>\n\t\t\t<div class='gallery-icon landscape'>\n\t\t\t\t<a href='https:\/\/moveis-fernandes.com\/wp-content\/uploads\/2015\/06\/cropped-carrinhas-e1434637063777.jpg'><img loading=\"lazy\" decoding=\"async\" width=\"150\" height=\"150\" src=\"data:image\/svg+xml;charset=utf-8,&lt;svg xmlns%3D&#039;http%3A%2F%2Fwww.w3.org%2F2000%2Fsvg&#039; viewBox%3D&#039;0 0 150 150&#039;%2F&gt;\" class=\"attachment-thumbnail size-thumbnail ld-lazyload\" alt=\"\" data-src=\"https:\/\/moveis-fernandes.com\/wp-content\/uploads\/2015\/06\/cropped-carrinhas-150x150.jpg\" data-aspect=\"1\" srcset=\"\" \/><\/a>\n\t\t\t<\/div><\/figure>\n\t\t<\/div>\n\n<p class=\"style7\" style=\"text-align: justify;\" align=\"left\"><strong>Os M\u00f3veis Fernandes est\u00e3o no mercado do mobili\u00e1rio desde 1967 e contamos com uma equipa\u00a0especializada em constru\u00e7\u00e3o civil. Desta forma podemos satisfazer as necessidades de remodela\u00e7\u00e3o de interiores em sua casa.<span class=\"style8\"><span style=\"font-size: large;\">\u00a0<\/span><\/span><\/strong><\/p>\n<p class=\"style7\" style=\"text-align: justify;\" align=\"left\"><strong>Comercializamos tamb\u00e9m m\u00f3veis\u00a0por medida para: cozinhas, wc \u0301s, roupeiros, portas blindadas e interiores. <\/strong><\/p>\n<p class=\"style7\" style=\"text-align: justify;\" align=\"left\"><strong>Contamos com clientes em Portugal continental e ilhas, exportando\u00a0para Angola, Cabo Verde e UE.<\/strong><\/p>\n<p class=\"style7\" style=\"text-align: justify;\" align=\"left\"><strong>Contate-nos para obter o seu or\u00e7amento Gr\u00e1tis. <\/strong><\/p>\n<p class=\"style7\" style=\"text-align: justify;\" align=\"left\"><strong>Os M\u00f3veis Fernandes est\u00e3o ao seu\u00a0dispor\u00a0durante a semana e S\u00e1bados de manh\u00e3, nas nossas lojas na Amadora!<\/strong><\/p>\n<\/div>\n<p>&nbsp;<\/p>\n","protected":false},"excerpt":{"rendered":"<p>Os M\u00f3veis Fernandes est\u00e3o no mercado do mobili\u00e1rio desde 1967 e contamos com uma equipa\u00a0especializada&#8230;<\/p>\n","protected":false},"author":1,"featured_media":0,"parent":0,"menu_order":0,"comment_status":"closed","ping_status":"closed","template":"","meta":{"footnotes":""},"class_list":["post-12","page","type-page","status-publish","hentry"],"_links":{"self":[{"href":"https:\/\/moveis-fernandes.com\/index.php\/wp-json\/wp\/v2\/pages\/12","targetHints":{"allow":["GET"]}}],"collection":[{"href":"https:\/\/moveis-fernandes.com\/index.php\/wp-json\/wp\/v2\/pages"}],"about":[{"href":"https:\/\/moveis-fernandes.com\/index.php\/wp-json\/wp\/v2\/types\/page"}],"author":[{"embeddable":true,"href":"https:\/\/moveis-fernandes.com\/index.php\/wp-json\/wp\/v2\/users\/1"}],"replies":[{"embeddable":true,"href":"https:\/\/moveis-fernandes.com\/index.php\/wp-json\/wp\/v2\/comments?post=12"}],"version-history":[{"count":17,"href":"https:\/\/moveis-fernandes.com\/index.php\/wp-json\/wp\/v2\/pages\/12\/revisions"}],"predecessor-version":[{"id":245,"href":"https:\/\/moveis-fernandes.com\/index.php\/wp-json\/wp\/v2\/pages\/12\/revisions\/245"}],"wp:attachment":[{"href":"https:\/\/moveis-fernandes.com\/index.php\/wp-json\/wp\/v2\/media?parent=12"}],"curies":[{"name":"wp","href":"https:\/\/api.w.org\/{rel}","templated":true}]}}